{"id":7002,"date":"2018-06-19T13:15:36","date_gmt":"2018-06-19T13:15:36","guid":{"rendered":"https:\/\/zenleser.it\/chiave-maestra-meccanica\/"},"modified":"2022-01-18T15:58:38","modified_gmt":"2022-01-18T15:58:38","slug":"mechanische-schliesssysteme","status":"publish","type":"page","link":"https:\/\/zenleser.it\/de\/mechanische-schliesssysteme\/","title":{"rendered":"Mechanische Schlie\u00dfsysteme"},"content":{"rendered":"[vc_row type=&#8220;full_width_background&#8220; full_screen_row_position=&#8220;middle&#8220; bg_image=&#8220;6665&#8243; bg_position=&#8220;center bottom&#8220; bg_repeat=&#8220;no-repeat&#8220; scene_position=&#8220;center&#8220; text_color=&#8220;light&#8220; text_align=&#8220;left&#8220; top_padding=&#8220;10%&#8220; bottom_padding=&#8220;10%&#8220; overlay_strength=&#8220;1&#8243; shape_divider_position=&#8220;bottom&#8220; shape_type=&#8220;&#8220;][vc_column column_padding=&#8220;padding-3-percent&#8220; column_padding_position=&#8220;left-right&#8220; background_color_opacity=&#8220;1&#8243; background_hover_color_opacity=&#8220;1&#8243; column_shadow=&#8220;none&#8220; column_border_radius=&#8220;none&#8220; width=&#8220;1\/1&#8243; tablet_text_alignment=&#8220;default&#8220; phone_text_alignment=&#8220;default&#8220; column_border_width=&#8220;none&#8220; column_border_style=&#8220;solid&#8220;][vc_column_text]\n<h1>Mechanische Schlie\u00dfsysteme<\/h1>\n[\/vc_column_text][\/vc_column][\/vc_row][vc_row type=&#8220;in_container&#8220; full_screen_row_position=&#8220;middle&#8220; scene_position=&#8220;center&#8220; text_color=&#8220;dark&#8220; text_align=&#8220;left&#8220; top_padding=&#8220;5%&#8220; overlay_strength=&#8220;0.3&#8243; shape_divider_position=&#8220;bottom&#8220; shape_type=&#8220;&#8220;][vc_column column_padding=&#8220;no-extra-padding&#8220; column_padding_position=&#8220;all&#8220; background_color_opacity=&#8220;1&#8243; background_hover_color_opacity=&#8220;1&#8243; column_shadow=&#8220;none&#8220; column_border_radius=&#8220;none&#8220; width=&#8220;1\/1&#8243; tablet_text_alignment=&#8220;default&#8220; phone_text_alignment=&#8220;default&#8220; column_border_width=&#8220;none&#8220; column_border_style=&#8220;solid&#8220;][split_line_heading]\n<h2 class=\"page-title\">Schlie\u00dfplan<\/h2>\n[\/split_line_heading][tabbed_section style=&#8220;minimal&#8220; alignment=&#8220;left&#8220; spacing=&#8220;default&#8220; tab_color=&#8220;Accent-Color&#8220; cta_button_style=&#8220;accent-color&#8220; icon_size=&#8220;24&#8243;][tab icon_family=&#8220;none&#8220; title=&#8220;Schlie\u00dfplan&#8220; id=&#8220;1529331531-1-7&#8243; tab_id=&#8220;1529331550903-9&#8243;][vc_row_inner column_margin=&#8220;default&#8220; text_align=&#8220;left&#8220;][vc_column_inner column_padding=&#8220;no-extra-padding&#8220; column_padding_position=&#8220;all&#8220; background_color_opacity=&#8220;1&#8243; background_hover_color_opacity=&#8220;1&#8243; column_shadow=&#8220;none&#8220; column_border_radius=&#8220;none&#8220; width=&#8220;1\/2&#8243; column_border_width=&#8220;none&#8220; column_border_style=&#8220;solid&#8220;][image_with_animation image_url=&#8220;7070&#8243; alignment=&#8220;&#8220; animation=&#8220;Fade In&#8220; img_link_large=&#8220;yes&#8220; border_radius=&#8220;none&#8220; box_shadow=&#8220;none&#8220; max_width=&#8220;100%&#8220;][\/vc_column_inner][vc_column_inner column_padding=&#8220;padding-3-percent&#8220; column_padding_position=&#8220;all&#8220; background_color_opacity=&#8220;1&#8243; background_hover_color_opacity=&#8220;1&#8243; column_shadow=&#8220;none&#8220; column_border_radius=&#8220;none&#8220; width=&#8220;1\/2&#8243; column_border_width=&#8220;none&#8220; column_border_style=&#8220;solid&#8220;][vc_column_text]\n<h2>Schlie\u00dfplan<\/h2>\n[\/vc_column_text][divider line_type=&#8220;No Line&#8220; custom_height=&#8220;40&#8243;][vc_column_text]Ein Schlie\u00dfplan ist die Dokumentation einer Schlie\u00dfanlage. Der Schlie\u00dfplan ist die Grundvoraussetzung, um eine Schlie\u00dfanlage zu verwalten. Schon mit dem ersten Schritt der Bestellung einer Schlie\u00dfanlage, ist ein Schlie\u00dfplan die Grundvoraussetzung. Jede Schlie\u00dfanlage ist speziell auf das Objekt abgestimmt und Bedarf einer gr\u00fcndlichen \u00dcberlegung und Planung im Vorfeld. Man beginnt mit der Auflistung der T\u00fcren (Raumbezeichnung), wobei man eine eindeutige Bezeichnung w\u00e4hlen sollte. Oftmals ist es bei gr\u00f6\u00dferen Objekten so, dass w\u00e4hrend der Bauphase die Raumnutzung noch nicht exakt festgelegt ist und man gezwungenerma\u00dfen mit den Raumnummern arbeitet. Dem Fachh\u00e4ndler bleibt keine andere Wahl, wenn er die Schlie\u00dfanlage termingem\u00e4\u00df liefern will. Der Nutzer hat sp\u00e4ter das Nachsehen und kann sich unter Umst\u00e4nden nur schwer am Schlie\u00dfplan orientieren. Sind die Raumbezeichnungen erfasst, beginnt der Fachh\u00e4ndler mit dem Aufma\u00df der T\u00fcren (Zylinderl\u00e4nge au\u00dfen + innen).[\/vc_column_text][divider line_type=&#8220;No Line&#8220; custom_height=&#8220;20&#8243;]<div class=\"iwithtext\"><div class=\"iwt-icon\"> <img decoding=\"async\" src=\"https:\/\/zenleser.it\/wp-content\/uploads\/2018\/06\/Download.png\" alt=\"\" title=\"\"> <\/div><div class=\"iwt-text\"> <a href=\"https:\/\/zenleser.it\/wp-content\/uploads\/2019\/05\/Kaba-Schliessanlagen-Broschu\u0308re.pdf\"><strong><span style=\"color: #01acf2;\">Brosch\u00fcre herunterladen<\/span><\/strong><\/a> <\/div><div class=\"clear\"><\/div><\/div>[divider line_type=&#8220;Full Width Line&#8220; line_thickness=&#8220;1&#8243; divider_color=&#8220;accent-color&#8220; custom_height=&#8220;20&#8243;]<div class=\"iwithtext\"><div class=\"iwt-icon\"> <img decoding=\"async\" src=\"https:\/\/zenleser.it\/wp-content\/uploads\/2018\/06\/Video.png\" alt=\"\" title=\"\"> <\/div><div class=\"iwt-text\"> <a href=\"https:\/\/zenleser.it\/wp-content\/uploads\/2019\/05\/Mechanische-Schliesssysteme-von-dormakaba-Was-macht-eine-T\u00fcr-sicher.mp4\"><strong><span style=\"color: #01acf2;\">Video ansehen<\/span><\/strong><\/a> <\/div><div class=\"clear\"><\/div><\/div>[\/vc_column_inner][\/vc_row_inner][\/tab][tab icon_family=&#8220;none&#8220; title=&#8220;Generalhauptschl\u00fcsselanlage&#8220; id=&#8220;1529331531-2-25&#8243; tab_id=&#8220;1529331550950-4&#8243;][vc_row_inner column_margin=&#8220;default&#8220; text_align=&#8220;left&#8220;][vc_column_inner column_padding=&#8220;no-extra-padding&#8220; column_padding_position=&#8220;all&#8220; background_color_opacity=&#8220;1&#8243; background_hover_color_opacity=&#8220;1&#8243; column_shadow=&#8220;none&#8220; column_border_radius=&#8220;none&#8220; width=&#8220;1\/2&#8243; column_border_width=&#8220;none&#8220; column_border_style=&#8220;solid&#8220;][image_with_animation image_url=&#8220;6689&#8243; alignment=&#8220;&#8220; animation=&#8220;Fade In&#8220; img_link_large=&#8220;yes&#8220; border_radius=&#8220;none&#8220; box_shadow=&#8220;none&#8220; max_width=&#8220;100%&#8220;][\/vc_column_inner][vc_column_inner column_padding=&#8220;padding-3-percent&#8220; column_padding_position=&#8220;all&#8220; background_color_opacity=&#8220;1&#8243; background_hover_color_opacity=&#8220;1&#8243; column_shadow=&#8220;none&#8220; column_border_radius=&#8220;none&#8220; width=&#8220;1\/2&#8243; column_border_width=&#8220;none&#8220; column_border_style=&#8220;solid&#8220;][vc_column_text]\n<h2>Generalhauptschl\u00fcsselanlage<\/h2>\n[\/vc_column_text][divider line_type=&#8220;No Line&#8220; custom_height=&#8220;20&#8243;]<div class=\"iwithtext\"><div class=\"iwt-icon\"> <img decoding=\"async\" src=\"https:\/\/zenleser.it\/wp-content\/uploads\/2018\/06\/Download.png\" alt=\"\" title=\"\"> <\/div><div class=\"iwt-text\"> <a href=\"https:\/\/zenleser.it\/wp-content\/uploads\/2019\/05\/Kaba-Schliessanlagen-Broschu\u0308re.pdf\"><strong><span style=\"color: #01acf2;\">Brosch\u00fcre herunterladen<\/span><\/strong><\/a> <\/div><div class=\"clear\"><\/div><\/div>[divider line_type=&#8220;Full Width Line&#8220; line_thickness=&#8220;1&#8243; divider_color=&#8220;accent-color&#8220; custom_height=&#8220;20&#8243;]<div class=\"iwithtext\"><div class=\"iwt-icon\"> <img decoding=\"async\" src=\"https:\/\/zenleser.it\/wp-content\/uploads\/2018\/06\/Video.png\" alt=\"\" title=\"\"> <\/div><div class=\"iwt-text\"> <a href=\"https:\/\/zenleser.it\/wp-content\/uploads\/2019\/05\/Mechanische-Schliesssysteme-von-dormakaba-Was-macht-eine-T\u00fcr-sicher.mp4\"><strong><span style=\"color: #01acf2;\">Video ansehen<\/span><\/strong><\/a> <\/div><div class=\"clear\"><\/div><\/div>[\/vc_column_inner][\/vc_row_inner][\/tab][tab icon_family=&#8220;none&#8220; title=&#8220;Hauptschl\u00fcsselanlage&#8220; id=&#8220;1529336233633-0-0&#8243; tab_id=&#8220;1529336233636-8&#8243;][vc_row_inner column_margin=&#8220;default&#8220; text_align=&#8220;left&#8220;][vc_column_inner column_padding=&#8220;no-extra-padding&#8220; column_padding_position=&#8220;all&#8220; background_color_opacity=&#8220;1&#8243; background_hover_color_opacity=&#8220;1&#8243; column_shadow=&#8220;none&#8220; column_border_radius=&#8220;none&#8220; width=&#8220;1\/2&#8243; column_border_width=&#8220;none&#8220; column_border_style=&#8220;solid&#8220;][image_with_animation image_url=&#8220;7060&#8243; alignment=&#8220;&#8220; animation=&#8220;Fade In&#8220; img_link_large=&#8220;yes&#8220; border_radius=&#8220;none&#8220; box_shadow=&#8220;none&#8220; max_width=&#8220;100%&#8220;][\/vc_column_inner][vc_column_inner column_padding=&#8220;padding-3-percent&#8220; column_padding_position=&#8220;all&#8220; background_color_opacity=&#8220;1&#8243; background_hover_color_opacity=&#8220;1&#8243; column_shadow=&#8220;none&#8220; column_border_radius=&#8220;none&#8220; width=&#8220;1\/2&#8243; column_border_width=&#8220;none&#8220; column_border_style=&#8220;solid&#8220;][vc_column_text]\n<h2>Hauptschl\u00fcsselanlage<\/h2>\n[\/vc_column_text][divider line_type=&#8220;No Line&#8220; custom_height=&#8220;20&#8243;]<div class=\"iwithtext\"><div class=\"iwt-icon\"> <img decoding=\"async\" src=\"https:\/\/zenleser.it\/wp-content\/uploads\/2018\/06\/Download.png\" alt=\"\" title=\"\"> <\/div><div class=\"iwt-text\"> <a href=\"https:\/\/zenleser.it\/wp-content\/uploads\/2019\/05\/Kaba-Schliessanlagen-Broschu\u0308re.pdf\"><strong><span style=\"color: #01acf2;\">Brosch\u00fcre herunterladen<\/span><\/strong><\/a> <\/div><div class=\"clear\"><\/div><\/div>[divider line_type=&#8220;Full Width Line&#8220; line_thickness=&#8220;1&#8243; divider_color=&#8220;accent-color&#8220; custom_height=&#8220;20&#8243;]<div class=\"iwithtext\"><div class=\"iwt-icon\"> <img decoding=\"async\" src=\"https:\/\/zenleser.it\/wp-content\/uploads\/2018\/06\/Video.png\" alt=\"\" title=\"\"> <\/div><div class=\"iwt-text\"> <a href=\"https:\/\/zenleser.it\/wp-content\/uploads\/2019\/05\/Mechanische-Schliesssysteme-von-dormakaba-Was-macht-eine-T\u00fcr-sicher.mp4\"><strong><span style=\"color: #01acf2;\">Video ansehen<\/span><\/strong><\/a> <\/div><div class=\"clear\"><\/div><\/div>[\/vc_column_inner][\/vc_row_inner][vc_column_text][\/vc_column_text][\/tab][\/tabbed_section][\/vc_column][\/vc_row][vc_row type=&#8220;in_container&#8220; full_screen_row_position=&#8220;middle&#8220; scene_position=&#8220;center&#8220; text_color=&#8220;dark&#8220; text_align=&#8220;left&#8220; top_padding=&#8220;5%&#8220; overlay_strength=&#8220;0.3&#8243; shape_divider_position=&#8220;bottom&#8220; shape_type=&#8220;&#8220;][vc_column column_padding=&#8220;no-extra-padding&#8220; column_padding_position=&#8220;all&#8220; background_color_opacity=&#8220;1&#8243; background_hover_color_opacity=&#8220;1&#8243; column_shadow=&#8220;none&#8220; column_border_radius=&#8220;none&#8220; width=&#8220;1\/1&#8243; tablet_text_alignment=&#8220;default&#8220; phone_text_alignment=&#8220;default&#8220; column_border_width=&#8220;none&#8220; column_border_style=&#8220;solid&#8220;][split_line_heading]\n<h2 class=\"page-title\">Sicherheitszylinder<\/h2>\n[\/split_line_heading][tabbed_section style=&#8220;minimal&#8220; alignment=&#8220;left&#8220; spacing=&#8220;default&#8220; tab_color=&#8220;Accent-Color&#8220; cta_button_style=&#8220;accent-color&#8220; icon_size=&#8220;24&#8243;][tab icon_family=&#8220;none&#8220; title=&#8220;KABA Expert Plus&#8220; id=&#8220;1529331531-1-7&#8243; tab_id=&#8220;1529331550903-9&#8243;][vc_row_inner column_margin=&#8220;default&#8220; text_align=&#8220;left&#8220;][vc_column_inner column_padding=&#8220;no-extra-padding&#8220; column_padding_position=&#8220;all&#8220; background_color_opacity=&#8220;1&#8243; background_hover_color_opacity=&#8220;1&#8243; column_shadow=&#8220;none&#8220; column_border_radius=&#8220;none&#8220; width=&#8220;1\/2&#8243; column_border_width=&#8220;none&#8220; column_border_style=&#8220;solid&#8220;][image_with_animation image_url=&#8220;6677&#8243; alignment=&#8220;&#8220; animation=&#8220;Fade In&#8220; border_radius=&#8220;none&#8220; box_shadow=&#8220;none&#8220; max_width=&#8220;100%&#8220;][\/vc_column_inner][vc_column_inner column_padding=&#8220;padding-3-percent&#8220; column_padding_position=&#8220;all&#8220; background_color_opacity=&#8220;1&#8243; background_hover_color_opacity=&#8220;1&#8243; column_shadow=&#8220;none&#8220; column_border_radius=&#8220;none&#8220; width=&#8220;1\/2&#8243; column_border_width=&#8220;none&#8220; column_border_style=&#8220;solid&#8220;][vc_column_text]\n<h2>KABA Expert Plus<\/h2>\n<h4><\/h4>\n[\/vc_column_text][divider line_type=&#8220;No Line&#8220; custom_height=&#8220;20&#8243;]<div class=\"iwithtext\"><div class=\"iwt-icon\"> <img decoding=\"async\" src=\"https:\/\/zenleser.it\/wp-content\/uploads\/2018\/06\/Video.png\" alt=\"\" title=\"\"> <\/div><div class=\"iwt-text\"> <a href=\"https:\/\/zenleser.it\/wp-content\/uploads\/2018\/06\/KABA-Expert.mp4\"><strong><span style=\"color: #01acf2;\">Video ansehen<\/span><\/strong><\/a> <\/div><div class=\"clear\"><\/div><\/div>[\/vc_column_inner][\/vc_row_inner][\/tab][\/tabbed_section][\/vc_column][\/vc_row][vc_row type=&#8220;full_width_background&#8220; full_screen_row_position=&#8220;middle&#8220; bg_color=&#8220;#01acf2&#8243; scene_position=&#8220;center&#8220; text_color=&#8220;light&#8220; text_align=&#8220;left&#8220; top_padding=&#8220;5%&#8220; bottom_padding=&#8220;4%&#8220; overlay_strength=&#8220;0.3&#8243; shape_divider_position=&#8220;bottom&#8220; shape_type=&#8220;&#8220;][vc_column centered_text=&#8220;true&#8220; column_padding=&#8220;no-extra-padding&#8220; column_padding_position=&#8220;all&#8220; background_color_opacity=&#8220;1&#8243; background_hover_color_opacity=&#8220;1&#8243; column_shadow=&#8220;none&#8220; column_border_radius=&#8220;none&#8220; width=&#8220;1\/1&#8243; tablet_text_alignment=&#8220;default&#8220; phone_text_alignment=&#8220;default&#8220; column_border_width=&#8220;none&#8220; column_border_style=&#8220;solid&#8220;][vc_column_text]\n<h2 style=\"text-align: center;\">Ben\u00f6tigen Sie ein Schlie\u00dfsystem?<\/h2>\n<h5 style=\"text-align: center;\">Gerne schicken wir Ihnen ein ma\u00dfgeschneidertes Angebot f\u00fcr Ihre Bed\u00fcrfnisse.<\/h5>\n[\/vc_column_text][divider line_type=&#8220;No Line&#8220; custom_height=&#8220;20&#8243;][nectar_btn size=&#8220;large&#8220; button_style=&#8220;regular&#8220; button_color_2=&#8220;Extra-Color-3&#8243; icon_family=&#8220;none&#8220; el_class=&#8220;button_white&#8220; url=&#8220;kontakt&#8220; text=&#8220;Kontaktieren Sie uns&#8220;][\/vc_column][\/vc_row]\n","protected":false},"excerpt":{"rendered":"<p>[vc_row type=&#8220;full_width_background&#8220; full_screen_row_position=&#8220;middle&#8220; bg_image=&#8220;6665&#8243; bg_position=&#8220;center bottom&#8220; bg_repeat=&#8220;no-repeat&#8220; scene_position=&#8220;center&#8220; text_color=&#8220;light&#8220; text_align=&#8220;left&#8220; top_padding=&#8220;10%&#8220; bottom_padding=&#8220;10%&#8220; overlay_strength=&#8220;1&#8243; shape_divider_position=&#8220;bottom&#8220; shape_type=&#8220;&#8220;][vc_column column_padding=&#8220;padding-3-percent&#8220; column_padding_position=&#8220;left-right&#8220; background_color_opacity=&#8220;1&#8243; background_hover_color_opacity=&#8220;1&#8243; column_shadow=&#8220;none&#8220; column_border_radius=&#8220;none&#8220; width=&#8220;1\/1&#8243; tablet_text_alignment=&#8220;default&#8220; phone_text_alignment=&#8220;default&#8220; column_border_width=&#8220;none&#8220; column_border_style=&#8220;solid&#8220;][vc_column_text] Mechanische Schlie\u00dfsysteme [\/vc_column_text][\/vc_column][\/vc_row][vc_row type=&#8220;in_container&#8220;&#8230;<\/p>\n","protected":false},"author":6,"featured_media":0,"parent":0,"menu_order":0,"comment_status":"closed","ping_status":"closed","template":"","meta":{"footnotes":""},"class_list":["post-7002","page","type-page","status-publish"],"_links":{"self":[{"href":"https:\/\/zenleser.it\/de\/wp-json\/wp\/v2\/pages\/7002","targetHints":{"allow":["GET"]}}],"collection":[{"href":"https:\/\/zenleser.it\/de\/wp-json\/wp\/v2\/pages"}],"about":[{"href":"https:\/\/zenleser.it\/de\/wp-json\/wp\/v2\/types\/page"}],"author":[{"embeddable":true,"href":"https:\/\/zenleser.it\/de\/wp-json\/wp\/v2\/users\/6"}],"replies":[{"embeddable":true,"href":"https:\/\/zenleser.it\/de\/wp-json\/wp\/v2\/comments?post=7002"}],"version-history":[{"count":10,"href":"https:\/\/zenleser.it\/de\/wp-json\/wp\/v2\/pages\/7002\/revisions"}],"predecessor-version":[{"id":7105,"href":"https:\/\/zenleser.it\/de\/wp-json\/wp\/v2\/pages\/7002\/revisions\/7105"}],"wp:attachment":[{"href":"https:\/\/zenleser.it\/de\/wp-json\/wp\/v2\/media?parent=7002"}],"curies":[{"name":"wp","href":"https:\/\/api.w.org\/{rel}","templated":true}]}}